{"id":38,"date":"2014-11-30T15:40:41","date_gmt":"2014-11-30T14:40:41","guid":{"rendered":"http:\/\/www.crostars.com\/modna-agencija\/?page_id=38"},"modified":"2023-04-11T11:04:17","modified_gmt":"2023-04-11T09:04:17","slug":"miss-prijave","status":"publish","type":"page","link":"https:\/\/www.crostars.com\/modna-agencija\/miss-prijave\/","title":{"rendered":"MISS PRIJAVE"},"content":{"rendered":"<\/div><\/div><\/div><!-- close content main div --><\/div><\/div><div id='full_slider_1' class='avia-fullwidth-slider main_color avia-shadow   container_wrap fullsize'   ><div  data-size='featured'  data-lightbox_size='large'  data-animation='slide'  data-conditional_play=''  data-ids='138'  data-video_counter='0'  data-autoplay='false'  data-bg_slider='false'  data-slide_height=''  data-handle='av_slideshow_full'  data-interval='5'  data-class=' '  data-css_id=''  data-scroll_down=''  data-control_layout='av-control-default'  data-custom_markup=''  data-perma_caption=''  data-autoplay_stopper=''  data-image_attachment=''  data-min_height='0px'  data-src=''  data-position='top left'  data-repeat='no-repeat'  data-attach='scroll'  data-stretch=''  data-default-height='28.666666666667'  class='avia-slideshow avia-slideshow-1  av-control-default av-default-height-applied avia-slideshow-featured av_slideshow_full   avia-slide-slider '  itemprop=\"ImageObject\" itemscope=\"itemscope\" itemtype=\"https:\/\/schema.org\/ImageObject\" ><ul class='avia-slideshow-inner ' style='padding-bottom: 15.247524752475%;' ><li  class=' av-single-slide slide-1 ' ><div data-rel='slideshow-1' class='avia-slide-wrap '   ><img src='https:\/\/www.crostars.com\/modna-agencija\/wp-content\/uploads\/2014\/11\/banner-miss.jpg' width='1010' height='154' title='banner-miss' alt=''  itemprop=\"thumbnailUrl\"   \/><\/div><\/li><\/ul><\/div><\/div>\n<\/div><\/div><\/div><!-- close content main div --><\/div><\/div><div id='av-layout-grid-1' class='av-layout-grid-container entry-content-wrapper main_color av-flex-cells    container_wrap fullsize'   >\n<div class=\"flex_cell no_margin av_one_half   \" style='background: #000000; vertical-align:middle; padding:20; background-color:#000000; '><div class='flex_cell_inner' ><div class='avia-button-wrap avia-button-center '><a href='https:\/\/www.facebook.com\/crostars.club\/' class='avia-button avia-button-fullwidth   avia-icon_select-yes-left-icon avia-color-blue '  style='color:#000000; ' ><div class='av-button-description av-button-description-above'><p>Posjetite na\u0161u slu\u017ebeni Facebook stranicu<\/p>\n<\/div><span class='avia_button_icon avia_button_icon_left ' aria-hidden='true' data-av_icon='\ue8f5' data-av_iconfont='entypo-fontello'><\/span><span class='avia_iconbox_title' >FACEBOOK STRANICA<\/span><span class='avia_button_background avia-button avia-button-fullwidth avia-color-custom' style='background-color:#0271e8; '><\/span><\/a><\/div>\n<\/div><\/div><div class=\"flex_cell no_margin av_one_half   \" style='background: #000000; vertical-align:middle; padding:20; background-color:#000000; '><div class='flex_cell_inner' ><div class='avia-button-wrap avia-button-center '><a href='https:\/\/www.instagram.com\/crostars.club\/' class='avia-button avia-button-fullwidth   avia-icon_select-yes-left-icon avia-color-orange '  style='color:#000000; ' ><div class='av-button-description av-button-description-above'><p>Posjetite na\u0161u slu\u017ebenu Instagram stranicu!<\/p>\n<\/div><span class='avia_button_icon avia_button_icon_left ' aria-hidden='true' data-av_icon='\ue909' data-av_iconfont='entypo-fontello'><\/span><span class='avia_iconbox_title' >INSTAGRAM STRANICA<\/span><span class='avia_button_background avia-button avia-button-fullwidth avia-color-custom' style='background-color:#ed9600; '><\/span><\/a><\/div>\n<\/div><\/div>\n<\/div>\n<\/div><\/div><\/div><!-- close content main div --><\/div><\/div><div id='av-layout-grid-2' class='av-layout-grid-container entry-content-wrapper main_color av-flex-cells   av-border-top-bottom av-border-cells container_wrap fullsize'   >\n<div class=\"flex_cell no_margin av_one_full   \" style='vertical-align:top; padding:30px; '><div class='flex_cell_inner' ><section class=\"av_textblock_section \"  itemscope=\"itemscope\" itemtype=\"https:\/\/schema.org\/CreativeWork\" ><div class='avia_textblock  '   itemprop=\"text\" ><p><div class=\"su-note\"  style=\"border-color:#e5e5e5;border-radius:3px;-moz-border-radius:3px;-webkit-border-radius:3px;\"><div class=\"su-note-inner su-u-clearfix su-u-trim\" style=\"background-color:#FFFFFF;border-color:#ffffff;color:#333333;border-radius:3px;-moz-border-radius:3px;-webkit-border-radius:3px;\"><div class=\"su-service\"><div class=\"su-service-title\" style=\"padding-left:62px;min-height:48px;line-height:48px\"><img loading=\"lazy\" decoding=\"async\" src=\"https:\/\/crostars.com\/modna-agencija\/wp-content\/uploads\/misskruna.png\" width=\"48\" height=\"48\" alt=\"\u017dELITE NASTUPITI NA NEKOM OD IZBORA LJEPOTE?\" style=\"width:48px;height:48px\" \/> \u017dELITE NASTUPITI NA NEKOM OD IZBORA LJEPOTE?<\/div><div class=\"su-service-content su-u-clearfix su-u-trim\" style=\"padding-left:62px\"> Oduvijek ste \u017eeljeli nastupiti na nekom izboru ljepote? Prijavite se, rado \u0107emo podjeliti s vama na\u0161e dugogodi\u0161nje iskustvo i pomo\u0107i vam posti\u0107i najbolje rezultate! Do\u017eivite neponovljivu zabavu, iskustvo i uspomene koje \u0107ete rado pamtiti ostatak \u017eivota! Are you The One?<\/div><\/div><\/div><\/div><br \/>\n<div class=\"su-note\"  style=\"border-color:#c6e5c6;border-radius:3px;-moz-border-radius:3px;-webkit-border-radius:3px;\"><div class=\"su-note-inner su-u-clearfix su-u-trim\" style=\"background-color:#E0FFE0;border-color:#ffffff;color:#333333;border-radius:3px;-moz-border-radius:3px;-webkit-border-radius:3px;\"><div class=\"su-service\"><div class=\"su-service-title\" style=\"padding-left:62px;min-height:48px;line-height:48px\"><img loading=\"lazy\" decoding=\"async\" src=\"https:\/\/crostars.com\/modna-agencija\/wp-content\/uploads\/upozorenje.png\" width=\"48\" height=\"48\" alt=\"UVJETI I PRAVILA!\" style=\"width:48px;height:48px\" \/> UVJETI I PRAVILA!<\/div><div class=\"su-service-content su-u-clearfix su-u-trim\" style=\"padding-left:62px\"><\/p>\n<p>&#8211; Molimo da pa\u017eljivo ispunite prijavnicu, sva polja ozna\u010dena sa * su obavezna!<\/p>\n<p>&#8211; Obratite pa\u017enju na format upisa broja mobitela te godine i datuma ro\u0111enja!<\/p>\n<p>&#8211; Prijaviti se mogu \u017eenske i mu\u0161ke osobe starosti od 17 do 25 godina koje su nastanjene u Republici Hrvatskoj.<\/p>\n<p>&#8211; Prijavom potvr\u0111ujete da su poslane slike isklju\u010divo va\u0161e privatno vlasni\u0161tvo.<\/p>\n<p>&#8211; Slika lica i slika tijela ne smiju biti starije od mjesec dana, pravilo ne vrijedi za dodatne slike.<\/p>\n<p>&#8211; Na slikama mo\u017ee biti samo osoba koja se prijavljuje.<\/p>\n<p>&#8211; Slanjem ove prijave pristajete na objavu slika na www.crostars.com te u ostalim medijima trajno i bez ikakve naknade.<\/p>\n<p>&#8211; Prijavom potvr\u0111ujete da su podatci koje ste dali to\u010dni i istiniti i da prihva\u0107ate uvjete i pravila.<\/p>\n<p><\/div><\/div><\/div><\/div><br \/>\n<div class=\"su-note\"  style=\"border-color:#96c6cc;border-radius:3px;-moz-border-radius:3px;-webkit-border-radius:3px;\"><div class=\"su-note-inner su-u-clearfix su-u-trim\" style=\"background-color:#B0E0E6;border-color:#ffffff;color:#333333;border-radius:3px;-moz-border-radius:3px;-webkit-border-radius:3px;\"><div class=\"su-service\"><div class=\"su-service-title\" style=\"padding-left:62px;min-height:48px;line-height:48px\"><img loading=\"lazy\" decoding=\"async\" src=\"https:\/\/crostars.com\/modna-agencija\/wp-content\/uploads\/prijavnica.png\" width=\"48\" height=\"48\" alt=\"PRIJAVNICA ZA IZBORE LJEPOTE\" style=\"width:48px;height:48px\" \/> PRIJAVNICA ZA IZBORE LJEPOTE<\/div><div class=\"su-service-content su-u-clearfix su-u-trim\" style=\"padding-left:62px\"><br \/>\n\n<div class=\"wpcf7 no-js\" id=\"wpcf7-f101-o1\" lang=\"hr\" dir=\"ltr\">\n<div class=\"screen-reader-response\"><p role=\"status\" aria-live=\"polite\" aria-atomic=\"true\"><\/p> <ul><\/ul><\/div>\n<form action=\"\/modna-agencija\/wp-json\/wp\/v2\/pages\/38#wpcf7-f101-o1\" method=\"post\" class=\"wpcf7-form init\" aria-label=\"Contact form\" enctype=\"multipart\/form-data\" novalidate=\"novalidate\" data-status=\"init\">\n<div style=\"display: none;\">\n<input type=\"hidden\" name=\"_wpcf7\" value=\"101\" \/>\n<input type=\"hidden\" name=\"_wpcf7_version\" value=\"5.9.3\" \/>\n<input type=\"hidden\" name=\"_wpcf7_locale\" value=\"hr\" \/>\n<input type=\"hidden\" name=\"_wpcf7_unit_tag\" value=\"wpcf7-f101-o1\" \/>\n<input type=\"hidden\" name=\"_wpcf7_container_post\" value=\"0\" \/>\n<input type=\"hidden\" name=\"_wpcf7_posted_data_hash\" value=\"\" \/>\n<input type=\"hidden\" name=\"_wpcf7_recaptcha_response\" value=\"\" \/>\n<\/div>\n<div id=\"two-column\">\n\t<div id=\"left\">\n\t\t<p>Ime*:<br \/>\n<span class=\"wpcf7-form-control-wrap\" data-name=\"Ime\"><input size=\"40\" class=\"wpcf7-form-control wpcf7-text wpcf7-validates-as-required\" aria-required=\"true\" aria-invalid=\"false\" placeholder=\"Va\u0161e Ime\" value=\"\" type=\"text\" name=\"Ime\" \/><\/span>\n\t\t<\/p>\n\t\t<p>Prezime*:<br \/>\n<span class=\"wpcf7-form-control-wrap\" data-name=\"Prezime\"><input size=\"40\" class=\"wpcf7-form-control wpcf7-text wpcf7-validates-as-required\" aria-required=\"true\" aria-invalid=\"false\" placeholder=\"Va\u0161e Prezime\" value=\"\" type=\"text\" name=\"Prezime\" \/><\/span>\n\t\t<\/p>\n\t\t<p>Kontakt Email*:<br \/>\n<span class=\"wpcf7-form-control-wrap\" data-name=\"your-email\"><input size=\"40\" class=\"wpcf7-form-control wpcf7-email wpcf7-validates-as-required wpcf7-text wpcf7-validates-as-email\" aria-required=\"true\" aria-invalid=\"false\" placeholder=\"Va\u0161a email adresa\" value=\"\" type=\"email\" name=\"your-email\" \/><\/span>\n\t\t<\/p>\n\t\t<p>Kontakt mobitel*:<br \/>\n<span class=\"wpcf7-form-control-wrap\" data-name=\"mob\"><input size=\"40\" class=\"wpcf7-form-control wpcf7-text wpcf7-validates-as-required\" aria-required=\"true\" aria-invalid=\"false\" placeholder=\"U formatu npr: 0991234567\" value=\"\" type=\"text\" name=\"mob\" \/><\/span>\n\t\t<\/p>\n\t\t<p>Kontakt ku\u0107ni telefon:<br \/>\n<span class=\"wpcf7-form-control-wrap\" data-name=\"tel\"><input size=\"40\" class=\"wpcf7-form-control wpcf7-text\" aria-invalid=\"false\" placeholder=\"Upisati predbroj npr: 011234567\" value=\"\" type=\"text\" name=\"tel\" \/><\/span>\n\t\t<\/p>\n\t\t<p>Mjesto stanovanja*:<br \/>\n<span class=\"wpcf7-form-control-wrap\" data-name=\"mjestostanovanja\"><input size=\"40\" class=\"wpcf7-form-control wpcf7-text wpcf7-validates-as-required\" aria-required=\"true\" aria-invalid=\"false\" placeholder=\"Mjesto i po\u0161tanski broj\" value=\"\" type=\"text\" name=\"mjestostanovanja\" \/><\/span>\n\t\t<\/p>\n\t\t<p>Adresa stanovanja*:<br \/>\n<span class=\"wpcf7-form-control-wrap\" data-name=\"adresastanovanja\"><input size=\"40\" class=\"wpcf7-form-control wpcf7-text wpcf7-validates-as-required\" aria-required=\"true\" aria-invalid=\"false\" placeholder=\"Ku\u0107na adresa i broj\" value=\"\" type=\"text\" name=\"adresastanovanja\" \/><\/span>\n\t\t<\/p>\n\t<\/div>\n\t<div id=\"right\">\n\t\t<p>Godina i Datum Ro\u0111enja*:<br \/>\n<span class=\"wpcf7-form-control-wrap\" data-name=\"Godiste\"><input size=\"40\" class=\"wpcf7-form-control wpcf7-text wpcf7-validates-as-required\" aria-required=\"true\" aria-invalid=\"false\" placeholder=\"U formatu dan-mjesec-godina\" value=\"\" type=\"text\" name=\"Godiste\" \/><\/span>\n\t\t<\/p>\n\t\t<p>Visina (cm)*:<br \/>\n<span class=\"wpcf7-form-control-wrap\" data-name=\"Visina\"><input size=\"40\" class=\"wpcf7-form-control wpcf7-text wpcf7-validates-as-required\" aria-required=\"true\" aria-invalid=\"false\" placeholder=\"Va\u0161a visina npr: 175\" value=\"\" type=\"text\" name=\"Visina\" \/><\/span>\n\t\t<\/p>\n\t\t<p>Te\u017eina (kg)*:<br \/>\n<span class=\"wpcf7-form-control-wrap\" data-name=\"tezina\"><input size=\"40\" class=\"wpcf7-form-control wpcf7-text wpcf7-validates-as-required\" aria-required=\"true\" aria-invalid=\"false\" placeholder=\"Va\u0161a te\u017eina npr: 55\" value=\"\" type=\"text\" name=\"tezina\" \/><\/span>\n\t\t<\/p>\n\t\t<p>Obu\u0107a*:<br \/>\n<span class=\"wpcf7-form-control-wrap\" data-name=\"obuca\"><input size=\"40\" class=\"wpcf7-form-control wpcf7-text wpcf7-validates-as-required\" aria-required=\"true\" aria-invalid=\"false\" placeholder=\"Broj cipela npr: 39\" value=\"\" type=\"text\" name=\"obuca\" \/><\/span>\n\t\t<\/p>\n\t\t<p>Grudi (cm)*:<br \/>\n<span class=\"wpcf7-form-control-wrap\" data-name=\"grudi\"><input size=\"40\" class=\"wpcf7-form-control wpcf7-text wpcf7-validates-as-required\" aria-required=\"true\" aria-invalid=\"false\" placeholder=\"Obujam grudi npr: 90\" value=\"\" type=\"text\" name=\"grudi\" \/><\/span>\n\t\t<\/p>\n\t\t<p>Struk (cm)*:<br \/>\n<span class=\"wpcf7-form-control-wrap\" data-name=\"struk\"><input size=\"40\" class=\"wpcf7-form-control wpcf7-text wpcf7-validates-as-required\" aria-required=\"true\" aria-invalid=\"false\" placeholder=\"Obujam struka npr: 60\" value=\"\" type=\"text\" name=\"struk\" \/><\/span>\n\t\t<\/p>\n\t\t<p>Bokovi (cm)*:<br \/>\n<span class=\"wpcf7-form-control-wrap\" data-name=\"bokovi\"><input size=\"40\" class=\"wpcf7-form-control wpcf7-text wpcf7-validates-as-required\" aria-required=\"true\" aria-invalid=\"false\" placeholder=\"Obujam bokova npr: 90\" value=\"\" type=\"text\" name=\"bokovi\" \/><\/span>\n\t\t<\/p>\n\t<\/div>\n\t<p>Zanimanje \/ \u0161kola \/ fakultet*:<br \/>\n<span class=\"wpcf7-form-control-wrap\" data-name=\"edukacija\"><input size=\"40\" class=\"wpcf7-form-control wpcf7-text wpcf7-validates-as-required\" aria-required=\"true\" aria-invalid=\"false\" placeholder=\"Upisati zanimanje, naziv \u0161kole \/ fakulteta koji poha\u0111ate ili ste zavr\u0161ili\" value=\"\" type=\"text\" name=\"edukacija\" \/><\/span>\n\t<\/p>\n\t<p>Aktivnosti kojima se bavite ili ste se bavili (rolanje, plivanje, jahanje, fitness itd...)*<br \/>\n<span class=\"wpcf7-form-control-wrap\" data-name=\"aktivnosti\"><input size=\"40\" class=\"wpcf7-form-control wpcf7-text wpcf7-validates-as-required\" aria-required=\"true\" aria-invalid=\"false\" placeholder=\"Mogu\u0107e upisati vi\u0161e aktivnosti\" value=\"\" type=\"text\" name=\"aktivnosti\" \/><\/span>\n\t<\/p>\n\t<p>Da li ste bili ili ste jo\u0161 uvijek u nekoj agenciji?*:\n\t<\/p>\n\t<p><span class=\"wpcf7-form-control-wrap\" data-name=\"Dalistebilidosadunekojagenciji\"><span class=\"wpcf7-form-control wpcf7-checkbox wpcf7-validates-as-required wpcf7-exclusive-checkbox\"><span class=\"wpcf7-list-item first\"><label><input type=\"checkbox\" name=\"Dalistebilidosadunekojagenciji\" value=\"Da\" \/><span class=\"wpcf7-list-item-label\">Da<\/span><\/label><\/span><span class=\"wpcf7-list-item last\"><label><input type=\"checkbox\" name=\"Dalistebilidosadunekojagenciji\" value=\"Ne\" \/><span class=\"wpcf7-list-item-label\">Ne<\/span><\/label><\/span><\/span><\/span>\n\t<\/p>\n\t<p>Ime agencije (popunjavaju samo oni koji su ili su bili u nekoj agenciji):<br \/>\n<span class=\"wpcf7-form-control-wrap\" data-name=\"agencija\"><input size=\"40\" class=\"wpcf7-form-control wpcf7-text\" aria-invalid=\"false\" placeholder=\"Samo oni koji su ili su bili u nekoj agenciji\" value=\"\" type=\"text\" name=\"agencija\" \/><\/span>\n\t<\/p>\n\t<p>Da li ste se do sada natjecali na nekom izboru ljepote?*:\n\t<\/p>\n\t<p><span class=\"wpcf7-form-control-wrap\" data-name=\"Dalistebilidosadnaizboru\"><span class=\"wpcf7-form-control wpcf7-checkbox wpcf7-validates-as-required wpcf7-exclusive-checkbox\"><span class=\"wpcf7-list-item first\"><label><input type=\"checkbox\" name=\"Dalistebilidosadnaizboru\" value=\"Da\" \/><span class=\"wpcf7-list-item-label\">Da<\/span><\/label><\/span><span class=\"wpcf7-list-item last\"><label><input type=\"checkbox\" name=\"Dalistebilidosadnaizboru\" value=\"Ne\" \/><span class=\"wpcf7-list-item-label\">Ne<\/span><\/label><\/span><\/span><\/span>\n\t<\/p>\n\t<p>Izbor i osvojena titula (popunjavaju samo oni koji su se natjecali na nekom izboru):\n\t<\/p>\n\t<p><span class=\"wpcf7-form-control-wrap\" data-name=\"izbor\"><input size=\"40\" class=\"wpcf7-form-control wpcf7-text\" aria-invalid=\"false\" placeholder=\"Izbor, godina izbora i titula (ukoliko je neka osvojena)\" value=\"\" type=\"text\" name=\"izbor\" \/><\/span>\n\t<\/p>\n\t<p>Izbori na kojima \u017eelite nastupiti: (mogu\u0107e odabrati vise stavki)*:\n\t<\/p>\n\t<p><span class=\"wpcf7-form-control-wrap\" data-name=\"zanimame\"><span class=\"wpcf7-form-control wpcf7-checkbox wpcf7-validates-as-required\"><span class=\"wpcf7-list-item first\"><label><input type=\"checkbox\" name=\"zanimame[]\" value=\"Miss Universe Hrvatske\" \/><span class=\"wpcf7-list-item-label\">Miss Universe Hrvatske<\/span><\/label><\/span><span class=\"wpcf7-list-item\"><label><input type=\"checkbox\" name=\"zanimame[]\" value=\"Kraljica Hrvatske\" \/><span class=\"wpcf7-list-item-label\">Kraljica Hrvatske<\/span><\/label><\/span><span class=\"wpcf7-list-item\"><label><input type=\"checkbox\" name=\"zanimame[]\" value=\"Miss Hrvatske\" \/><span class=\"wpcf7-list-item-label\">Miss Hrvatske<\/span><\/label><\/span><span class=\"wpcf7-list-item last\"><label><input type=\"checkbox\" name=\"zanimame[]\" value=\"Miss i Mister Turizma\" \/><span class=\"wpcf7-list-item-label\">Miss i Mister Turizma<\/span><\/label><\/span><\/span><\/span>\n\t<\/p>\n\t<p>Instagram Profil (korisni\u010dko ime)<br \/>\n<span class=\"wpcf7-form-control-wrap\" data-name=\"instagram\"><input size=\"40\" class=\"wpcf7-form-control wpcf7-text\" aria-invalid=\"false\" placeholder=\"www.instagram.com\/mojprofil\" value=\"\" type=\"text\" name=\"instagram\" \/><\/span>\n\t<\/p>\n\t<p>Facebook Profil (korisni\u010dko ime)<br \/>\n<span class=\"wpcf7-form-control-wrap\" data-name=\"facebook\"><input size=\"40\" class=\"wpcf7-form-control wpcf7-text\" aria-invalid=\"false\" placeholder=\"www.facebook.com\/mojprofil\" value=\"\" type=\"text\" name=\"facebook\" \/><\/span>\n\t<\/p>\n\t<p>Ukratko o sebi:<br \/>\n<span class=\"wpcf7-form-control-wrap\" data-name=\"your-message\"><textarea cols=\"40\" rows=\"10\" class=\"wpcf7-form-control wpcf7-textarea\" aria-invalid=\"false\" placeholder=\"Ovdje se mo\u017eete ukratko predstaviti, napisati par re\u010denica o sebi.\nNapomenuti neke bitne detalje.\nUpisati stvari koje nisu pokrivene u prijavnici.\" name=\"your-message\"><\/textarea><\/span>\n\t<\/p>\n\t<p>Slike je mogu\u0107e slati u .jpg, .png, formatu max. pojedina\u010dne veli\u010dine 5Mb.<br \/>\nSlika tijela po\u017eeljna u kupa\u0107em kostimu ili odje\u0107i koja prikazuje figuru tijela.\n\t<\/p>\n\t<p><span class=\"wpcf7-form-control-wrap\" data-name=\"slikalica\"><input size=\"40\" class=\"wpcf7-form-control wpcf7-file wpcf7-validates-as-required\" accept=\".jpg,.png\" aria-required=\"true\" aria-invalid=\"false\" type=\"file\" name=\"slikalica\" \/><\/span> Slika Lica*<br \/>\n<span class=\"wpcf7-form-control-wrap\" data-name=\"slikatijela\"><input size=\"40\" class=\"wpcf7-form-control wpcf7-file wpcf7-validates-as-required\" accept=\".jpg,.png\" aria-required=\"true\" aria-invalid=\"false\" type=\"file\" name=\"slikatijela\" \/><\/span> Slika Tijela*<br \/>\n<span class=\"wpcf7-form-control-wrap\" data-name=\"dodatnaslika1\"><input size=\"40\" class=\"wpcf7-form-control wpcf7-file\" accept=\".jpg,.png\" aria-invalid=\"false\" type=\"file\" name=\"dodatnaslika1\" \/><\/span> Dodatna slika1<br \/>\n<span class=\"wpcf7-form-control-wrap\" data-name=\"dodatnaslika2\"><input size=\"40\" class=\"wpcf7-form-control wpcf7-file\" accept=\".jpg,.png\" aria-invalid=\"false\" type=\"file\" name=\"dodatnaslika2\" \/><\/span> Dodatna slika2<br \/>\n<span class=\"wpcf7-form-control-wrap\" data-name=\"dodatnaslika3\"><input size=\"40\" class=\"wpcf7-form-control wpcf7-file\" accept=\".jpg,.png\" aria-invalid=\"false\" type=\"file\" name=\"dodatnaslika3\" \/><\/span> Dodatna slika3\n\t<\/p>\n\t<p>Prepi\u0161ite kod u polje ispod (kako bi potvrdili da niste robot)<br \/>\n<input type=\"hidden\" name=\"_wpcf7_captcha_challenge_captcha-493\" value=\"2152146377\" \/><img loading=\"lazy\" decoding=\"async\" class=\"wpcf7-form-control wpcf7-captchac wpcf7-captcha-captcha-493\" width=\"72\" height=\"24\" alt=\"captcha\" src=\"https:\/\/www.crostars.com\/modna-agencija\/wp-content\/uploads\/wpcf7_captcha\/2152146377.png\" \/><br \/>\n<span class=\"wpcf7-form-control-wrap\" data-name=\"captcha-493\"><input size=\"5\" maxlength=\"5\" class=\"wpcf7-form-control wpcf7-captchar\" autocomplete=\"off\" aria-invalid=\"false\" value=\"\" type=\"text\" name=\"captcha-493\" \/><\/span>\n\t<\/p>\n\t<p><span class=\"wpcf7-form-control-wrap\" data-name=\"suglanost\"><span class=\"wpcf7-form-control wpcf7-acceptance\"><span class=\"wpcf7-list-item\"><input type=\"checkbox\" name=\"suglanost\" value=\"1\" checked=\"checked\" aria-invalid=\"false\" \/><\/span><\/span><\/span> Prihva\u0107am uvjete i pravila.\n\t<\/p>\n\t<p><input class=\"wpcf7-form-control wpcf7-submit has-spinner\" type=\"submit\" value=\"Po\u0161alji prijavu\" \/>Kliknite i pri\u010dekajte obavijest o uspje\u0161nom slanju!\n\t<\/p>\n<\/div><p style=\"display: none !important;\" class=\"akismet-fields-container\" data-prefix=\"_wpcf7_ak_\"><label>&#916;<textarea name=\"_wpcf7_ak_hp_textarea\" cols=\"45\" rows=\"8\" maxlength=\"100\"><\/textarea><\/label><input type=\"hidden\" id=\"ak_js_1\" name=\"_wpcf7_ak_js\" value=\"215\"\/><script>document.getElementById( \"ak_js_1\" ).setAttribute( \"value\", ( new Date() ).getTime() );<\/script><\/p><div class=\"wpcf7-response-output\" aria-hidden=\"true\"><\/div>\n<\/form>\n<\/div>\n<br \/>\n<\/div><\/div><\/div><\/div><br \/>\n<div class=\"su-note\"  style=\"border-color:#c6e5c6;border-radius:3px;-moz-border-radius:3px;-webkit-border-radius:3px;\"><div class=\"su-note-inner su-u-clearfix su-u-trim\" style=\"background-color:#E0FFE0;border-color:#ffffff;color:#333333;border-radius:3px;-moz-border-radius:3px;-webkit-border-radius:3px;\"> Nakon \u0161to kliknete na &#8220;Po\u0161alji prijavu&#8221; potrebno je pri\u010dekati par trenutaka da se slike u\u010ditaju. Vrijeme \u010dekanja (1-10 min) ovisi o veli\u010dini slika i brzini Va\u0161e internet veze! <\/div><\/div><br \/>\n<div class=\"su-note\"  style=\"border-color:#96c6cc;border-radius:3px;-moz-border-radius:3px;-webkit-border-radius:3px;\"><div class=\"su-note-inner su-u-clearfix su-u-trim\" style=\"background-color:#B0E0E6;border-color:#ffffff;color:#333333;border-radius:3px;-moz-border-radius:3px;-webkit-border-radius:3px;\"> Ukoliko poznate osobu za koju smatrate da bi bila dobar kandidat, molimo Vas preporu\u010dite joj ovu prijavnicu. Hvala! Ostanimo povezani &#8220;LAJKAJTE&#8221; na\u0161u <a href=\"https:\/\/www.facebook.com\/crostars.club\" class=\"su-button su-button-style-glass\" style=\"color:#000;background-color:#5592e2;border-color:#4475b5;border-radius:4px;-moz-border-radius:4px;-webkit-border-radius:4px\" target=\"_blank\" rel=\"noopener noreferrer\"><span style=\"color:#000;padding:0px 14px;font-size:12px;line-height:24px;border-color:#88b3eb;border-radius:4px;-moz-border-radius:4px;-webkit-border-radius:4px;text-shadow:none;-moz-text-shadow:none;-webkit-text-shadow:none\"> FACEBOOK STRANICU !<\/span><\/a> <\/div><\/div><\/p>\n<\/div><\/section>\n<\/div><\/div><\/div>\n","protected":false},"excerpt":{"rendered":"","protected":false},"author":3,"featured_media":0,"parent":0,"menu_order":0,"comment_status":"closed","ping_status":"closed","template":"","meta":{"footnotes":""},"_links":{"self":[{"href":"https:\/\/www.crostars.com\/modna-agencija\/wp-json\/wp\/v2\/pages\/38"}],"collection":[{"href":"https:\/\/www.crostars.com\/modna-agencija\/wp-json\/wp\/v2\/pages"}],"about":[{"href":"https:\/\/www.crostars.com\/modna-agencija\/wp-json\/wp\/v2\/types\/page"}],"author":[{"embeddable":true,"href":"https:\/\/www.crostars.com\/modna-agencija\/wp-json\/wp\/v2\/users\/3"}],"replies":[{"embeddable":true,"href":"https:\/\/www.crostars.com\/modna-agencija\/wp-json\/wp\/v2\/comments?post=38"}],"version-history":[{"count":12,"href":"https:\/\/www.crostars.com\/modna-agencija\/wp-json\/wp\/v2\/pages\/38\/revisions"}],"predecessor-version":[{"id":287,"href":"https:\/\/www.crostars.com\/modna-agencija\/wp-json\/wp\/v2\/pages\/38\/revisions\/287"}],"wp:attachment":[{"href":"https:\/\/www.crostars.com\/modna-agencija\/wp-json\/wp\/v2\/media?parent=38"}],"curies":[{"name":"wp","href":"https:\/\/api.w.org\/{rel}","templated":true}]}}